{"id":176,"date":"2020-11-04T21:08:40","date_gmt":"2020-11-04T20:08:40","guid":{"rendered":"http:\/\/www.bau-service.tirol\/wp\/?page_id=176"},"modified":"2021-05-18T14:45:40","modified_gmt":"2021-05-18T12:45:40","slug":"stempelbeton","status":"publish","type":"page","link":"http:\/\/www.bau-service.tirol\/wp\/?page_id=176","title":{"rendered":"Stempelbeton"},"content":{"rendered":"\n<p>Dekorativer Stempel Beton ist ein System, bei dem Beton als Hauptmaterial auf Fu\u00dfb\u00f6den, Gehwegen, Terrassen, Pool-Decks, Einfahrten etc. mit farbigen Mustern bedruckt (gestempelt) wird, f\u00fcr private und gewerbliche Anwendungen.<\/p>\n\n\n\n<div class=\"wp-block-image is-style-default\"><figure class=\"alignleft size-large\"><a href=\"http:\/\/www.bau-service.tirol\/wp\/wp-content\/uploads\/2021\/05\/IMG_5170-scaled.jpg\"><img loading=\"lazy\" decoding=\"async\" width=\"1024\" height=\"768\" src=\"http:\/\/www.bau-service.tirol\/wp\/wp-content\/uploads\/2021\/05\/IMG_5170-1024x768.jpg\" alt=\"\" class=\"wp-image-211\" srcset=\"http:\/\/www.bau-service.tirol\/wp\/wp-content\/uploads\/2021\/05\/IMG_5170-1024x768.jpg 1024w, http:\/\/www.bau-service.tirol\/wp\/wp-content\/uploads\/2021\/05\/IMG_5170-300x225.jpg 300w, http:\/\/www.bau-service.tirol\/wp\/wp-content\/uploads\/2021\/05\/IMG_5170-768x576.jpg 768w, http:\/\/www.bau-service.tirol\/wp\/wp-content\/uploads\/2021\/05\/IMG_5170-1536x1152.jpg 1536w, http:\/\/www.bau-service.tirol\/wp\/wp-content\/uploads\/2021\/05\/IMG_5170-2048x1536.jpg 2048w\" sizes=\"auto, (max-width: 767px) 89vw, (max-width: 1000px) 54vw, (max-width: 1071px) 543px, 580px\" \/><\/a><\/figure><\/div>\n\n\n\n<p>Er hat eine lange Lebensdauer ohne hohe Wartungskosten, ist resistent gegen alle Witterungsverh\u00e4ltnisse,<\/p>\n\n\n\n<p class=\"has-text-align-center\">    &#8211; Frost&nbsp;<\/p>\n\n\n\n<p class=\"has-text-align-center\">                 &#8211; Sonnenlicht\u00a0<\/p>\n\n\n\n<p class=\"has-text-align-center\">&#8211; \u00d6le&nbsp;<\/p>\n\n\n\n<p class=\"has-text-align-center\">                                                                                                 &#8211; S\u00e4uren<\/p>\n\n\n\n<p><\/p>\n\n\n\n<p><\/p>\n\n\n\n<p>Hier einige Referenzen<\/p>\n\n\n\n<figure class=\"wp-block-gallery columns-3 is-cropped wp-block-gallery-1 is-layout-flex wp-block-gallery-is-layout-flex\"><ul class=\"blocks-gallery-grid\"><li class=\"blocks-gallery-item\"><figure><img loading=\"lazy\" decoding=\"async\" width=\"1024\" height=\"768\" src=\"http:\/\/www.bau-service.tirol\/wp\/wp-content\/uploads\/2021\/05\/IMG_5408-1024x768.jpg\" alt=\"\" data-id=\"198\" data-full-url=\"http:\/\/www.bau-service.tirol\/wp\/wp-content\/uploads\/2021\/05\/IMG_5408-scaled.jpg\" data-link=\"http:\/\/www.bau-service.tirol\/wp\/?attachment_id=198\" class=\"wp-image-198\" srcset=\"http:\/\/www.bau-service.tirol\/wp\/wp-content\/uploads\/2021\/05\/IMG_5408-1024x768.jpg 1024w, http:\/\/www.bau-service.tirol\/wp\/wp-content\/uploads\/2021\/05\/IMG_5408-300x225.jpg 300w, http:\/\/www.bau-service.tirol\/wp\/wp-content\/uploads\/2021\/05\/IMG_5408-768x576.jpg 768w, http:\/\/www.bau-service.tirol\/wp\/wp-content\/uploads\/2021\/05\/IMG_5408-1536x1152.jpg 1536w, http:\/\/www.bau-service.tirol\/wp\/wp-content\/uploads\/2021\/05\/IMG_5408-2048x1536.jpg 2048w\" sizes=\"auto, (max-width: 767px) 89vw, (max-width: 1000px) 54vw, (max-width: 1071px) 543px, 580px\" \/><figcaption class=\"blocks-gallery-item__caption\">Stiege aus Stempelbeton<\/figcaption><\/figure><\/li><li class=\"blocks-gallery-item\"><figure><img loading=\"lazy\" decoding=\"async\" width=\"1024\" height=\"768\" src=\"http:\/\/www.bau-service.tirol\/wp\/wp-content\/uploads\/2020\/11\/IMG_3720-1-1024x768.jpg\" alt=\"\" data-id=\"166\" data-full-url=\"http:\/\/www.bau-service.tirol\/wp\/wp-content\/uploads\/2020\/11\/IMG_3720-1-scaled.jpg\" data-link=\"http:\/\/www.bau-service.tirol\/wp\/?attachment_id=166\" class=\"wp-image-166\" srcset=\"http:\/\/www.bau-service.tirol\/wp\/wp-content\/uploads\/2020\/11\/IMG_3720-1-1024x768.jpg 1024w, http:\/\/www.bau-service.tirol\/wp\/wp-content\/uploads\/2020\/11\/IMG_3720-1-300x225.jpg 300w, http:\/\/www.bau-service.tirol\/wp\/wp-content\/uploads\/2020\/11\/IMG_3720-1-768x576.jpg 768w, http:\/\/www.bau-service.tirol\/wp\/wp-content\/uploads\/2020\/11\/IMG_3720-1-1536x1152.jpg 1536w, http:\/\/www.bau-service.tirol\/wp\/wp-content\/uploads\/2020\/11\/IMG_3720-1-2048x1536.jpg 2048w\" sizes=\"auto, (max-width: 767px) 89vw, (max-width: 1000px) 54vw, (max-width: 1071px) 543px, 580px\" \/><\/figure><\/li><li class=\"blocks-gallery-item\"><figure><img loading=\"lazy\" decoding=\"async\" width=\"1024\" height=\"768\" src=\"http:\/\/www.bau-service.tirol\/wp\/wp-content\/uploads\/2021\/05\/73fcb1bf-8a66-40d3-b1f4-7b9ba67ecbb0-1-1024x768.jpg\" alt=\"\" data-id=\"197\" data-full-url=\"http:\/\/www.bau-service.tirol\/wp\/wp-content\/uploads\/2021\/05\/73fcb1bf-8a66-40d3-b1f4-7b9ba67ecbb0-1.jpg\" data-link=\"http:\/\/www.bau-service.tirol\/wp\/?attachment_id=197\" class=\"wp-image-197\" srcset=\"http:\/\/www.bau-service.tirol\/wp\/wp-content\/uploads\/2021\/05\/73fcb1bf-8a66-40d3-b1f4-7b9ba67ecbb0-1-1024x768.jpg 1024w, http:\/\/www.bau-service.tirol\/wp\/wp-content\/uploads\/2021\/05\/73fcb1bf-8a66-40d3-b1f4-7b9ba67ecbb0-1-300x225.jpg 300w, http:\/\/www.bau-service.tirol\/wp\/wp-content\/uploads\/2021\/05\/73fcb1bf-8a66-40d3-b1f4-7b9ba67ecbb0-1-768x576.jpg 768w, http:\/\/www.bau-service.tirol\/wp\/wp-content\/uploads\/2021\/05\/73fcb1bf-8a66-40d3-b1f4-7b9ba67ecbb0-1-1536x1152.jpg 1536w, http:\/\/www.bau-service.tirol\/wp\/wp-content\/uploads\/2021\/05\/73fcb1bf-8a66-40d3-b1f4-7b9ba67ecbb0-1.jpg 1600w\" sizes=\"auto, (max-width: 767px) 89vw, (max-width: 1000px) 54vw, (max-width: 1071px) 543px, 580px\" \/><\/figure><\/li><\/ul><figcaption class=\"blocks-gallery-caption\"><br><br><strong>27 verschiedene Farben zur Auswahl, kann auch zusammengemischt werden.<\/strong><\/figcaption><\/figure>\n\n\n\n<figure class=\"wp-block-image size-large\"><img loading=\"lazy\" decoding=\"async\" width=\"600\" height=\"548\" src=\"http:\/\/www.bau-service.tirol\/wp\/wp-content\/uploads\/2020\/11\/Farbkarte-Stempelbeton.jpg\" alt=\"\" class=\"wp-image-179\" srcset=\"http:\/\/www.bau-service.tirol\/wp\/wp-content\/uploads\/2020\/11\/Farbkarte-Stempelbeton.jpg 600w, http:\/\/www.bau-service.tirol\/wp\/wp-content\/uploads\/2020\/11\/Farbkarte-Stempelbeton-300x274.jpg 300w\" sizes=\"auto, (max-width: 600px) 100vw, 600px\" \/><\/figure>\n\n\n\n<p><strong>Stempel Muster<\/strong> <\/p>\n\n\n\n<figure class=\"wp-block-image size-large\"><img loading=\"lazy\" decoding=\"async\" width=\"1024\" height=\"676\" src=\"http:\/\/www.bau-service.tirol\/wp\/wp-content\/uploads\/2020\/11\/stempel-muster-1-1024x676.png\" alt=\"\" class=\"wp-image-187\" srcset=\"http:\/\/www.bau-service.tirol\/wp\/wp-content\/uploads\/2020\/11\/stempel-muster-1-1024x676.png 1024w, http:\/\/www.bau-service.tirol\/wp\/wp-content\/uploads\/2020\/11\/stempel-muster-1-300x198.png 300w, http:\/\/www.bau-service.tirol\/wp\/wp-content\/uploads\/2020\/11\/stempel-muster-1-768x507.png 768w, http:\/\/www.bau-service.tirol\/wp\/wp-content\/uploads\/2020\/11\/stempel-muster-1.png 1091w\" sizes=\"auto, (max-width: 767px) 89vw, (max-width: 1000px) 54vw, (max-width: 1071px) 543px, 580px\" \/><\/figure>\n\n\n\n<figure class=\"wp-block-image size-large\"><img loading=\"lazy\" decoding=\"async\" width=\"1024\" height=\"668\" src=\"http:\/\/www.bau-service.tirol\/wp\/wp-content\/uploads\/2020\/11\/stempelmuster-2-1024x668.png\" alt=\"\" class=\"wp-image-189\" srcset=\"http:\/\/www.bau-service.tirol\/wp\/wp-content\/uploads\/2020\/11\/stempelmuster-2-1024x668.png 1024w, http:\/\/www.bau-service.tirol\/wp\/wp-content\/uploads\/2020\/11\/stempelmuster-2-300x196.png 300w, http:\/\/www.bau-service.tirol\/wp\/wp-content\/uploads\/2020\/11\/stempelmuster-2-768x501.png 768w, http:\/\/www.bau-service.tirol\/wp\/wp-content\/uploads\/2020\/11\/stempelmuster-2.png 1096w\" sizes=\"auto, (max-width: 767px) 89vw, (max-width: 1000px) 54vw, (max-width: 1071px) 543px, 580px\" \/><\/figure>\n\n\n\n<figure class=\"wp-block-image size-large\"><img loading=\"lazy\" decoding=\"async\" width=\"1024\" height=\"664\" src=\"http:\/\/www.bau-service.tirol\/wp\/wp-content\/uploads\/2020\/11\/stempelmuster-3-1024x664.png\" alt=\"\" class=\"wp-image-190\" srcset=\"http:\/\/www.bau-service.tirol\/wp\/wp-content\/uploads\/2020\/11\/stempelmuster-3-1024x664.png 1024w, http:\/\/www.bau-service.tirol\/wp\/wp-content\/uploads\/2020\/11\/stempelmuster-3-300x195.png 300w, http:\/\/www.bau-service.tirol\/wp\/wp-content\/uploads\/2020\/11\/stempelmuster-3-768x498.png 768w, http:\/\/www.bau-service.tirol\/wp\/wp-content\/uploads\/2020\/11\/stempelmuster-3.png 1073w\" sizes=\"auto, (max-width: 767px) 89vw, (max-width: 1000px) 54vw, (max-width: 1071px) 543px, 580px\" \/><\/figure>\n\n\n\n<figure class=\"wp-block-image size-large\"><img loading=\"lazy\" decoding=\"async\" width=\"1024\" height=\"672\" src=\"http:\/\/www.bau-service.tirol\/wp\/wp-content\/uploads\/2020\/11\/stempelmuster-4-1024x672.png\" alt=\"\" class=\"wp-image-191\" srcset=\"http:\/\/www.bau-service.tirol\/wp\/wp-content\/uploads\/2020\/11\/stempelmuster-4-1024x672.png 1024w, http:\/\/www.bau-service.tirol\/wp\/wp-content\/uploads\/2020\/11\/stempelmuster-4-300x197.png 300w, http:\/\/www.bau-service.tirol\/wp\/wp-content\/uploads\/2020\/11\/stempelmuster-4-768x504.png 768w, http:\/\/www.bau-service.tirol\/wp\/wp-content\/uploads\/2020\/11\/stempelmuster-4.png 1103w\" sizes=\"auto, (max-width: 767px) 89vw, (max-width: 1000px) 54vw, (max-width: 1071px) 543px, 580px\" \/><\/figure>\n\n\n\n<p><\/p>\n","protected":false},"excerpt":{"rendered":"<p>Dekorativer Stempel Beton ist ein System, bei dem Beton als Hauptmaterial auf Fu\u00dfb\u00f6den, Gehwegen, Terrassen, Pool-Decks, Einfahrten etc. mit farbigen Mustern bedruckt (gestempelt) wird, f\u00fcr private und gewerbliche Anwendungen. Er hat eine lange Lebensdauer ohne hohe Wartungskosten, ist resistent gegen alle Witterungsverh\u00e4ltnisse, &#8211; Frost&nbsp; &#8211; Sonnenlicht\u00a0 &#8211; \u00d6le&nbsp; &#8211; S\u00e4uren Hier einige Referenzen Stempel Muster<\/p>\n","protected":false},"author":1,"featured_media":0,"parent":0,"menu_order":0,"comment_status":"closed","ping_status":"closed","template":"","meta":{"footnotes":""},"class_list":["post-176","page","type-page","status-publish","hentry"],"_links":{"self":[{"href":"http:\/\/www.bau-service.tirol\/wp\/index.php?rest_route=\/wp\/v2\/pages\/176","targetHints":{"allow":["GET"]}}],"collection":[{"href":"http:\/\/www.bau-service.tirol\/wp\/index.php?rest_route=\/wp\/v2\/pages"}],"about":[{"href":"http:\/\/www.bau-service.tirol\/wp\/index.php?rest_route=\/wp\/v2\/types\/page"}],"author":[{"embeddable":true,"href":"http:\/\/www.bau-service.tirol\/wp\/index.php?rest_route=\/wp\/v2\/users\/1"}],"replies":[{"embeddable":true,"href":"http:\/\/www.bau-service.tirol\/wp\/index.php?rest_route=%2Fwp%2Fv2%2Fcomments&post=176"}],"version-history":[{"count":8,"href":"http:\/\/www.bau-service.tirol\/wp\/index.php?rest_route=\/wp\/v2\/pages\/176\/revisions"}],"predecessor-version":[{"id":213,"href":"http:\/\/www.bau-service.tirol\/wp\/index.php?rest_route=\/wp\/v2\/pages\/176\/revisions\/213"}],"wp:attachment":[{"href":"http:\/\/www.bau-service.tirol\/wp\/index.php?rest_route=%2Fwp%2Fv2%2Fmedia&parent=176"}],"curies":[{"name":"wp","href":"https:\/\/api.w.org\/{rel}","templated":true}]}}