{"id":7,"date":"2020-02-18T22:05:38","date_gmt":"2020-02-18T21:05:38","guid":{"rendered":"http:\/\/www.bau-service.tirol\/wp\/?page_id=7"},"modified":"2020-11-04T21:25:54","modified_gmt":"2020-11-04T20:25:54","slug":"ueber-uns","status":"publish","type":"page","link":"http:\/\/www.bau-service.tirol\/wp\/?page_id=7","title":{"rendered":"\u00dcber Mich"},"content":{"rendered":"\n<p>Mit \u00fcber 20 Jahren Bau Erfahrung in den Bereichen Mauern, Schalzimmerer, Verputzer, Baggerfahrer, Kranfahrer und Sportst\u00e4tten Bau (Skateparks) habe ich mich 2019 entschlossen  Selbstst\u00e4ndig zu machen.<\/p>\n\n\n\n<p>Lg<\/p>\n\n\n\n<p>Alex<\/p>\n\n\n\n<p><img loading=\"lazy\" decoding=\"async\" width=\"150\" height=\"200\" class=\"wp-image-91\" style=\"width: 150px;\" src=\"http:\/\/www.bau-service.tirol\/wp\/wp-content\/uploads\/2020\/02\/alex-ytong-in-der-hand-scaled.jpg\" alt=\"\" srcset=\"http:\/\/www.bau-service.tirol\/wp\/wp-content\/uploads\/2020\/02\/alex-ytong-in-der-hand-scaled.jpg 1920w, http:\/\/www.bau-service.tirol\/wp\/wp-content\/uploads\/2020\/02\/alex-ytong-in-der-hand-225x300.jpg 225w, http:\/\/www.bau-service.tirol\/wp\/wp-content\/uploads\/2020\/02\/alex-ytong-in-der-hand-768x1024.jpg 768w, http:\/\/www.bau-service.tirol\/wp\/wp-content\/uploads\/2020\/02\/alex-ytong-in-der-hand-1152x1536.jpg 1152w, http:\/\/www.bau-service.tirol\/wp\/wp-content\/uploads\/2020\/02\/alex-ytong-in-der-hand-1536x2048.jpg 1536w\" sizes=\"auto, (max-width: 150px) 100vw, 150px\" \/> <\/p>\n","protected":false},"excerpt":{"rendered":"<p>Mit \u00fcber 20 Jahren Bau Erfahrung in den Bereichen Mauern, Schalzimmerer, Verputzer, Baggerfahrer, Kranfahrer und Sportst\u00e4tten Bau (Skateparks) habe ich mich 2019 entschlossen Selbstst\u00e4ndig zu machen. Lg Alex<\/p>\n","protected":false},"author":1,"featured_media":0,"parent":0,"menu_order":0,"comment_status":"closed","ping_status":"closed","template":"","meta":{"footnotes":""},"class_list":["post-7","page","type-page","status-publish","hentry"],"_links":{"self":[{"href":"http:\/\/www.bau-service.tirol\/wp\/index.php?rest_route=\/wp\/v2\/pages\/7","targetHints":{"allow":["GET"]}}],"collection":[{"href":"http:\/\/www.bau-service.tirol\/wp\/index.php?rest_route=\/wp\/v2\/pages"}],"about":[{"href":"http:\/\/www.bau-service.tirol\/wp\/index.php?rest_route=\/wp\/v2\/types\/page"}],"author":[{"embeddable":true,"href":"http:\/\/www.bau-service.tirol\/wp\/index.php?rest_route=\/wp\/v2\/users\/1"}],"replies":[{"embeddable":true,"href":"http:\/\/www.bau-service.tirol\/wp\/index.php?rest_route=%2Fwp%2Fv2%2Fcomments&post=7"}],"version-history":[{"count":4,"href":"http:\/\/www.bau-service.tirol\/wp\/index.php?rest_route=\/wp\/v2\/pages\/7\/revisions"}],"predecessor-version":[{"id":172,"href":"http:\/\/www.bau-service.tirol\/wp\/index.php?rest_route=\/wp\/v2\/pages\/7\/revisions\/172"}],"wp:attachment":[{"href":"http:\/\/www.bau-service.tirol\/wp\/index.php?rest_route=%2Fwp%2Fv2%2Fmedia&parent=7"}],"curies":[{"name":"wp","href":"https:\/\/api.w.org\/{rel}","templated":true}]}}